{"id":52,"date":"2024-11-12T21:35:54","date_gmt":"2024-11-12T20:35:54","guid":{"rendered":"http:\/\/83.98.194.50\/~groep1095\/Website\/?page_id=52"},"modified":"2025-01-09T10:11:43","modified_gmt":"2025-01-09T09:11:43","slug":"lid-worden","status":"publish","type":"page","link":"http:\/\/andredethaye.nl\/Website\/lid-worden\/","title":{"rendered":"Lid worden?"},"content":{"rendered":"<div class=\"gb-standard container no-padding\">\n<h2 class=\"wp-block-heading\"><a href=\"http:\/\/andredethaye.nl\/wp-content\/uploads\/2016\/02\/featured-slider-1-van-1-41.jpg\"><\/a><br>Scouting is een van de leukste activiteiten om te doen in je vrije tijd. Niet voor niets heeft Scouting jeugd- en kaderleden die binnen \u00e9\u00e9n of meerdere speltakken actief zijn!<\/h2>\n<\/div>\n\n<div class=\"gb-standard container no-padding\">\n<figure class=\"wp-block-image size-full\"><img loading=\"lazy\" decoding=\"async\" width=\"1018\" height=\"300\" src=\"http:\/\/83.98.194.50\/~groep1095\/Website\/wp-content\/uploads\/2024\/11\/featured-slider-1-van-1-41-1.jpg\" alt=\"\" class=\"wp-image-255\" srcset=\"http:\/\/andredethaye.nl\/Website\/wp-content\/uploads\/2024\/11\/featured-slider-1-van-1-41-1.jpg 1018w, http:\/\/andredethaye.nl\/Website\/wp-content\/uploads\/2024\/11\/featured-slider-1-van-1-41-1-300x88.jpg 300w, http:\/\/andredethaye.nl\/Website\/wp-content\/uploads\/2024\/11\/featured-slider-1-van-1-41-1-768x226.jpg 768w\" sizes=\"auto, (max-width: 1018px) 100vw, 1018px\" \/><\/figure>\n<\/div>\n\n<div class=\"gb-standard container no-padding\">\n<p>Lijkt jou het ook leuk om lid te worden van Andr\u00e9 de Thaye? Of lijkt het je super om leiding te geven aan een enthousiaste groep kinderen? <a href=\"http:\/\/andredethaye.nl\/contact\/\">Neem eens contact met ons op!<\/a><\/p>\n<\/div>\n\n<div class=\"gb-standard container no-padding\">\n<h5 class=\"wp-block-heading\"><strong>Informatie over het lidmaatschap<\/strong><\/h5>\n<\/div>\n\n<div class=\"gb-standard container no-padding\">\n<p>Scouting staat voor uitdaging! Al vanaf 5 jaar kun je lid worden. Als je lid wilt worden van onze groep kun je eerst 3 keer komen kijken. Je doet dan mee aan alle activiteiten en je maakt voor het eerst kennis met Scouting en met de groep.&nbsp; Mocht je het na 3 keer niets vinden, dan ben je nergens toe verplicht. Vind je het wel leuk, dan word je automatisch lid en mag je iedere week komen. Als je een paar maanden lid bent word je ge\u00efnstalleerd en mag je je Scoutfit dragen. Op dat moment hoor je er echt bij!<\/p>\n<\/div>\n\n<div class=\"gb-standard container no-padding\">\n<p>Wil je lid worden, let dan wel op het volgende:<\/p>\n<\/div>\n\n<div class=\"gb-standard container no-padding\">\n<ul class=\"wp-block-list\"><div class=\"gb-standard container no-padding\">\n<li>Je kunt 3 keer komen kijken, daarna moet je besluiten lid te worden. Word je geen lid,\u00c2&nbsp;dan kun je niet meer komen; je betaalt dan namelijk geen contributie.<\/li>\n<\/div>\n\n<div class=\"gb-standard container no-padding\">\n<li>Je krijgt daarna van onze penningmeester bericht over de contributie<\/li>\n<\/div>\n\n<div class=\"gb-standard container no-padding\">\n<li>Als je lid bent, dan verwacht de leiding dat je er iedere opkomst bij bent. Als je een keertje niet kunt., moet je je altijd afmelden bij de leiding.<\/li>\n<\/div>\n\n<div class=\"gb-standard container no-padding\">\n<li>Als je lid bent, verwachten we dat je zo snel mogelijk een Scoutfit blouse draagt. Een das en tekens draag je pas vanaf het moment dat je bent ge\u00efnstalleerd .<\/li>\n<\/div><\/ul>\n<\/div>\n\n<div class=\"gb-standard container no-padding\">\n<div class=\"wp-block-columns is-layout-flex wp-container-core-columns-is-layout-9d6595d7 wp-block-columns-is-layout-flex\"><div class=\"gb-standard container no-padding\">\n<div class=\"wp-block-column is-layout-flow wp-block-column-is-layout-flow\"><div class=\"gb-standard container no-padding\">\n<h2 class=\"wp-block-heading\">Kom je ook een keer kijken?<\/h2>\n<\/div>\n\n<a class=\"gb-btn gb-btn-groen\" href=\"mailto:info@andredethaye.nl\"> Neem even contact op<\/a><\/div>\n<\/div><\/div>\n<\/div>\n\n<div class=\"gb-standard container no-padding\">\n<h5 class=\"wp-block-heading\">Hoe oud ben jij?<\/h5>\n<\/div>\n\n<div class=\"gb-standard container no-padding\">\n<p>Voor de verschillende leeftijdsgroepen zijn er bij Scouting zogenaamde speltakken.<\/p>\n<\/div>\n\n<div class=\"gb-standard container no-padding\">\n<ul class=\"wp-block-list\"><div class=\"gb-standard container no-padding\">\n<li>Welpen: 7-11 jaar<\/li>\n<\/div>\n\n<div class=\"gb-standard container no-padding\">\n<li>Scouts: 11-15 jaar<\/li>\n<\/div>\n\n<div class=\"gb-standard container no-padding\">\n<li>Explorers: 15-18 jaar<\/li>\n<\/div>\n\n<div class=\"gb-standard container no-padding\">\n<li>Roverscouts: 18-21 jaar<\/li>\n<\/div>\n\n<div class=\"gb-standard container no-padding\">\n<li>Plusscouts 21 jaar en ouder<\/li>\n<\/div><\/ul>\n<\/div>\n\n<div class=\"gb-standard container no-padding\">\n<h5 class=\"wp-block-heading\">Scouting Nederland<\/h5>\n<\/div>\n\n<div class=\"gb-standard container no-padding\">\n<p>Op het moment dat je lid bent van Scouting Andr\u00e9 de Thaye, ben je automatisch lid van Scouting Nederland. Dit lidmaatschap omvat voor iedere scout in Nederland hetzelfde.<br>Als lid van Scouting\u2026<\/p>\n<\/div>\n\n<div class=\"gb-standard container no-padding\">\n<ul class=\"wp-block-list\"><div class=\"gb-standard container no-padding\">\n<li>beleef je uitdagende activiteiten!<\/li>\n<\/div>\n\n<div class=\"gb-standard container no-padding\">\n<li>ontmoet je nieuwe vrienden!<\/li>\n<\/div>\n\n<div class=\"gb-standard container no-padding\">\n<li>kampeer je tegen sterk gereduceerde prijzen in mooie natuurgebieden!<\/li>\n<\/div>\n\n<div class=\"gb-standard container no-padding\">\n<li>leer je je eigen grenzen ontdekken!<\/li>\n<\/div>\n\n<div class=\"gb-standard container no-padding\">\n<li>ontvang je een Scoutcard!<\/li>\n<\/div>\n\n<div class=\"gb-standard container no-padding\">\n<li>krijg je korting op bepaalde artikelen in de ScoutShop!<\/li>\n<\/div>\n\n<div class=\"gb-standard container no-padding\">\n<li>ontvang je 4 x per jaar jouw eigen Scouting Magazine!<\/li>\n<\/div>\n\n<div class=\"gb-standard container no-padding\">\n<li>vorm je samen met 40 miljoen andere internationale scouts de grootste jeugd- en jongerenorganisatie ter wereld!<\/li>\n<\/div>\n\n<div class=\"gb-standard container no-padding\">\n<li>ontmoet je mensen uit andere culturen!<\/li>\n<\/div>\n\n<div class=\"gb-standard container no-padding\">\n<li>ben je ook lid van de internationale Scoutingorganisaties WOSM en WAGGGS.<\/li>\n<\/div>\n\n<div class=\"gb-standard container no-padding\">\n<li>kun je deelnemen aan een Wereld Jamboree of een van de internationale partnerships!<\/li>\n<\/div>\n\n<div class=\"gb-standard container no-padding\">\n<li>ben je verzekerd bij de collectieve WA- en ongevallenverzekering van Scouting Nederland!<\/li>\n<\/div><\/ul>\n<\/div>\n\n<div class=\"gb-standard container no-padding\">\n<h5 class=\"wp-block-heading\">Meer weten over het lidmaatschap?<\/h5>\n<\/div>\n\n<div class=\"gb-standard container no-padding\">\n<p>Kijk dan verder op deze site of neem <a href=\"http:\/\/andredethaye.nl\/contact\/\">contact op onze groep<\/a>.<\/p>\n<\/div>","protected":false},"excerpt":{"rendered":"<p>Scouting is een van de leukste activiteiten om te doen in je vrije tijd. Niet voor niets heeft Scouting jeugd- en kaderleden die binnen \u00e9\u00e9n of meerdere speltakken actief zijn!<\/p>\n<p>Lijkt jou het ook leuk om lid te worden van Andr\u00e9  &#8230; <\/p>\n","protected":false},"author":2,"featured_media":0,"parent":0,"menu_order":0,"comment_status":"closed","ping_status":"closed","template":"","meta":{"footnotes":""},"class_list":["post-52","page","type-page","status-publish","hentry"],"acf":[],"yoast_head":"<!-- This site is optimized with the Yoast SEO plugin v27.4 - https:\/\/yoast.com\/product\/yoast-seo-wordpress\/ -->\n<title>Lid worden? - Scouting Andr\u00e9 de Thaye<\/title>\n<meta name=\"robots\" content=\"index, follow, max-snippet:-1, max-image-preview:large, max-video-preview:-1\" \/>\n<link rel=\"canonical\" href=\"http:\/\/andredethaye.nl\/Website\/lid-worden\/\" \/>\n<meta property=\"og:locale\" content=\"nl_NL\" \/>\n<meta property=\"og:type\" content=\"article\" \/>\n<meta property=\"og:title\" content=\"Lid worden? - Scouting Andr\u00e9 de Thaye\" \/>\n<meta property=\"og:description\" content=\"Scouting is een van de leukste activiteiten om te doen in je vrije tijd. Niet voor niets heeft Scouting jeugd- en kaderleden die binnen \u00e9\u00e9n of meerdere speltakken actief zijn!    Lijkt jou het ook leuk om lid te worden van Andr\u00e9 ...\" \/>\n<meta property=\"og:url\" content=\"http:\/\/andredethaye.nl\/Website\/lid-worden\/\" \/>\n<meta property=\"og:site_name\" content=\"Scouting Andr\u00e9 de Thaye\" \/>\n<meta property=\"article:publisher\" content=\"https:\/\/www.facebook.com\/p\/Scouting-Andr-de-Thaye-100064747594603\/\" \/>\n<meta property=\"article:modified_time\" content=\"2025-01-09T09:11:43+00:00\" \/>\n<meta property=\"og:image\" content=\"http:\/\/83.98.194.50\/~groep1095\/Website\/wp-content\/uploads\/2024\/11\/featured-slider-1-van-1-41-1.jpg\" \/>\n<meta name=\"twitter:card\" content=\"summary_large_image\" \/>\n<meta name=\"twitter:label1\" content=\"Geschatte leestijd\" \/>\n\t<meta name=\"twitter:data1\" content=\"3 minuten\" \/>\n<script type=\"application\/ld+json\" class=\"yoast-schema-graph\">{\"@context\":\"https:\\\/\\\/schema.org\",\"@graph\":[{\"@type\":\"WebPage\",\"@id\":\"http:\\\/\\\/andredethaye.nl\\\/Website\\\/lid-worden\\\/\",\"url\":\"http:\\\/\\\/andredethaye.nl\\\/Website\\\/lid-worden\\\/\",\"name\":\"Lid worden? - Scouting Andr\u00e9 de Thaye\",\"isPartOf\":{\"@id\":\"http:\\\/\\\/andredethaye.nl\\\/Website\\\/#website\"},\"primaryImageOfPage\":{\"@id\":\"http:\\\/\\\/andredethaye.nl\\\/Website\\\/lid-worden\\\/#primaryimage\"},\"image\":{\"@id\":\"http:\\\/\\\/andredethaye.nl\\\/Website\\\/lid-worden\\\/#primaryimage\"},\"thumbnailUrl\":\"http:\\\/\\\/83.98.194.50\\\/~groep1095\\\/Website\\\/wp-content\\\/uploads\\\/2024\\\/11\\\/featured-slider-1-van-1-41-1.jpg\",\"datePublished\":\"2024-11-12T20:35:54+00:00\",\"dateModified\":\"2025-01-09T09:11:43+00:00\",\"breadcrumb\":{\"@id\":\"http:\\\/\\\/andredethaye.nl\\\/Website\\\/lid-worden\\\/#breadcrumb\"},\"inLanguage\":\"nl-NL\",\"potentialAction\":[{\"@type\":\"ReadAction\",\"target\":[\"http:\\\/\\\/andredethaye.nl\\\/Website\\\/lid-worden\\\/\"]}]},{\"@type\":\"ImageObject\",\"inLanguage\":\"nl-NL\",\"@id\":\"http:\\\/\\\/andredethaye.nl\\\/Website\\\/lid-worden\\\/#primaryimage\",\"url\":\"http:\\\/\\\/83.98.194.50\\\/~groep1095\\\/Website\\\/wp-content\\\/uploads\\\/2024\\\/11\\\/featured-slider-1-van-1-41-1.jpg\",\"contentUrl\":\"http:\\\/\\\/83.98.194.50\\\/~groep1095\\\/Website\\\/wp-content\\\/uploads\\\/2024\\\/11\\\/featured-slider-1-van-1-41-1.jpg\"},{\"@type\":\"BreadcrumbList\",\"@id\":\"http:\\\/\\\/andredethaye.nl\\\/Website\\\/lid-worden\\\/#breadcrumb\",\"itemListElement\":[{\"@type\":\"ListItem\",\"position\":1,\"name\":\"Home\",\"item\":\"http:\\\/\\\/andredethaye.nl\\\/Website\\\/\"},{\"@type\":\"ListItem\",\"position\":2,\"name\":\"Lid worden?\"}]},{\"@type\":\"WebSite\",\"@id\":\"http:\\\/\\\/andredethaye.nl\\\/Website\\\/#website\",\"url\":\"http:\\\/\\\/andredethaye.nl\\\/Website\\\/\",\"name\":\"Scouting Andr\u00e9 de Thaye\",\"description\":\"Laat je uitdagen!\",\"publisher\":{\"@id\":\"http:\\\/\\\/andredethaye.nl\\\/Website\\\/#organization\"},\"potentialAction\":[{\"@type\":\"SearchAction\",\"target\":{\"@type\":\"EntryPoint\",\"urlTemplate\":\"http:\\\/\\\/andredethaye.nl\\\/Website\\\/?s={search_term_string}\"},\"query-input\":{\"@type\":\"PropertyValueSpecification\",\"valueRequired\":true,\"valueName\":\"search_term_string\"}}],\"inLanguage\":\"nl-NL\"},{\"@type\":\"Organization\",\"@id\":\"http:\\\/\\\/andredethaye.nl\\\/Website\\\/#organization\",\"name\":\"Scouting Andr\u00e9 de Thaye\",\"url\":\"http:\\\/\\\/andredethaye.nl\\\/Website\\\/\",\"logo\":{\"@type\":\"ImageObject\",\"inLanguage\":\"nl-NL\",\"@id\":\"http:\\\/\\\/andredethaye.nl\\\/Website\\\/#\\\/schema\\\/logo\\\/image\\\/\",\"url\":\"http:\\\/\\\/andredethaye.nl\\\/Website\\\/wp-content\\\/uploads\\\/2024\\\/11\\\/Scouting-logo_100_LR.jpg\",\"contentUrl\":\"http:\\\/\\\/andredethaye.nl\\\/Website\\\/wp-content\\\/uploads\\\/2024\\\/11\\\/Scouting-logo_100_LR.jpg\",\"width\":276,\"height\":488,\"caption\":\"Scouting Andr\u00e9 de Thaye\"},\"image\":{\"@id\":\"http:\\\/\\\/andredethaye.nl\\\/Website\\\/#\\\/schema\\\/logo\\\/image\\\/\"},\"sameAs\":[\"https:\\\/\\\/www.facebook.com\\\/p\\\/Scouting-Andr-de-Thaye-100064747594603\\\/\"]}]}<\/script>\n<!-- \/ Yoast SEO plugin. -->","yoast_head_json":{"title":"Lid worden? - Scouting Andr\u00e9 de Thaye","robots":{"index":"index","follow":"follow","max-snippet":"max-snippet:-1","max-image-preview":"max-image-preview:large","max-video-preview":"max-video-preview:-1"},"canonical":"http:\/\/andredethaye.nl\/Website\/lid-worden\/","og_locale":"nl_NL","og_type":"article","og_title":"Lid worden? - Scouting Andr\u00e9 de Thaye","og_description":"Scouting is een van de leukste activiteiten om te doen in je vrije tijd. Niet voor niets heeft Scouting jeugd- en kaderleden die binnen \u00e9\u00e9n of meerdere speltakken actief zijn!    Lijkt jou het ook leuk om lid te worden van Andr\u00e9 ...","og_url":"http:\/\/andredethaye.nl\/Website\/lid-worden\/","og_site_name":"Scouting Andr\u00e9 de Thaye","article_publisher":"https:\/\/www.facebook.com\/p\/Scouting-Andr-de-Thaye-100064747594603\/","article_modified_time":"2025-01-09T09:11:43+00:00","og_image":[{"url":"http:\/\/83.98.194.50\/~groep1095\/Website\/wp-content\/uploads\/2024\/11\/featured-slider-1-van-1-41-1.jpg","type":"","width":"","height":""}],"twitter_card":"summary_large_image","twitter_misc":{"Geschatte leestijd":"3 minuten"},"schema":{"@context":"https:\/\/schema.org","@graph":[{"@type":"WebPage","@id":"http:\/\/andredethaye.nl\/Website\/lid-worden\/","url":"http:\/\/andredethaye.nl\/Website\/lid-worden\/","name":"Lid worden? - Scouting Andr\u00e9 de Thaye","isPartOf":{"@id":"http:\/\/andredethaye.nl\/Website\/#website"},"primaryImageOfPage":{"@id":"http:\/\/andredethaye.nl\/Website\/lid-worden\/#primaryimage"},"image":{"@id":"http:\/\/andredethaye.nl\/Website\/lid-worden\/#primaryimage"},"thumbnailUrl":"http:\/\/83.98.194.50\/~groep1095\/Website\/wp-content\/uploads\/2024\/11\/featured-slider-1-van-1-41-1.jpg","datePublished":"2024-11-12T20:35:54+00:00","dateModified":"2025-01-09T09:11:43+00:00","breadcrumb":{"@id":"http:\/\/andredethaye.nl\/Website\/lid-worden\/#breadcrumb"},"inLanguage":"nl-NL","potentialAction":[{"@type":"ReadAction","target":["http:\/\/andredethaye.nl\/Website\/lid-worden\/"]}]},{"@type":"ImageObject","inLanguage":"nl-NL","@id":"http:\/\/andredethaye.nl\/Website\/lid-worden\/#primaryimage","url":"http:\/\/83.98.194.50\/~groep1095\/Website\/wp-content\/uploads\/2024\/11\/featured-slider-1-van-1-41-1.jpg","contentUrl":"http:\/\/83.98.194.50\/~groep1095\/Website\/wp-content\/uploads\/2024\/11\/featured-slider-1-van-1-41-1.jpg"},{"@type":"BreadcrumbList","@id":"http:\/\/andredethaye.nl\/Website\/lid-worden\/#breadcrumb","itemListElement":[{"@type":"ListItem","position":1,"name":"Home","item":"http:\/\/andredethaye.nl\/Website\/"},{"@type":"ListItem","position":2,"name":"Lid worden?"}]},{"@type":"WebSite","@id":"http:\/\/andredethaye.nl\/Website\/#website","url":"http:\/\/andredethaye.nl\/Website\/","name":"Scouting Andr\u00e9 de Thaye","description":"Laat je uitdagen!","publisher":{"@id":"http:\/\/andredethaye.nl\/Website\/#organization"},"potentialAction":[{"@type":"SearchAction","target":{"@type":"EntryPoint","urlTemplate":"http:\/\/andredethaye.nl\/Website\/?s={search_term_string}"},"query-input":{"@type":"PropertyValueSpecification","valueRequired":true,"valueName":"search_term_string"}}],"inLanguage":"nl-NL"},{"@type":"Organization","@id":"http:\/\/andredethaye.nl\/Website\/#organization","name":"Scouting Andr\u00e9 de Thaye","url":"http:\/\/andredethaye.nl\/Website\/","logo":{"@type":"ImageObject","inLanguage":"nl-NL","@id":"http:\/\/andredethaye.nl\/Website\/#\/schema\/logo\/image\/","url":"http:\/\/andredethaye.nl\/Website\/wp-content\/uploads\/2024\/11\/Scouting-logo_100_LR.jpg","contentUrl":"http:\/\/andredethaye.nl\/Website\/wp-content\/uploads\/2024\/11\/Scouting-logo_100_LR.jpg","width":276,"height":488,"caption":"Scouting Andr\u00e9 de Thaye"},"image":{"@id":"http:\/\/andredethaye.nl\/Website\/#\/schema\/logo\/image\/"},"sameAs":["https:\/\/www.facebook.com\/p\/Scouting-Andr-de-Thaye-100064747594603\/"]}]}},"_links":{"self":[{"href":"http:\/\/andredethaye.nl\/Website\/wp-json\/wp\/v2\/pages\/52","targetHints":{"allow":["GET"]}}],"collection":[{"href":"http:\/\/andredethaye.nl\/Website\/wp-json\/wp\/v2\/pages"}],"about":[{"href":"http:\/\/andredethaye.nl\/Website\/wp-json\/wp\/v2\/types\/page"}],"author":[{"embeddable":true,"href":"http:\/\/andredethaye.nl\/Website\/wp-json\/wp\/v2\/users\/2"}],"replies":[{"embeddable":true,"href":"http:\/\/andredethaye.nl\/Website\/wp-json\/wp\/v2\/comments?post=52"}],"version-history":[{"count":12,"href":"http:\/\/andredethaye.nl\/Website\/wp-json\/wp\/v2\/pages\/52\/revisions"}],"predecessor-version":[{"id":402,"href":"http:\/\/andredethaye.nl\/Website\/wp-json\/wp\/v2\/pages\/52\/revisions\/402"}],"wp:attachment":[{"href":"http:\/\/andredethaye.nl\/Website\/wp-json\/wp\/v2\/media?parent=52"}],"curies":[{"name":"wp","href":"https:\/\/api.w.org\/{rel}","templated":true}]}}